{"id":3939,"date":"2025-08-13T14:43:35","date_gmt":"2025-08-13T14:43:35","guid":{"rendered":"https:\/\/wellamo.ch\/?post_type=product&#038;p=3939"},"modified":"2026-03-25T19:48:01","modified_gmt":"2026-03-25T19:48:01","slug":"gobelet-330-w","status":"publish","type":"product","link":"https:\/\/wellamo.ch\/de\/product\/gobelet-330-w\/","title":{"rendered":"Gobelet 330 W"},"content":{"rendered":"<p data-start=\"285\" data-end=\"672\">D\u00e9couvrez le <strong data-start=\"298\" data-end=\"315\">Gobelet 330 W<\/strong>, un gobelet en <strong data-start=\"331\" data-end=\"351\">acier inoxydable<\/strong> durable, \u00e9l\u00e9gant et parfaitement con\u00e7u pour accompagner vos boissons au quotidien. Avec sa capacit\u00e9 de <strong data-start=\"455\" data-end=\"465\">330 ml<\/strong>, il est id\u00e9al pour l\u2019eau, le caf\u00e9, le th\u00e9, les jus ou tout autre rafra\u00eechissement. Solide, r\u00e9utilisable et r\u00e9sistant, ce gobelet repr\u00e9sente une alternative \u00e9cologique et responsable aux contenants jetables.<\/p>\n<p data-start=\"674\" data-end=\"935\">Disponible en plusieurs couleurs modernes \u2014 <strong data-start=\"718\" data-end=\"755\">bleu ciel, gris, orange et violet<\/strong> \u2014 le Gobelet 330 W s\u2019adapte aussi bien \u00e0 un usage personnel qu\u2019\u00e0 un environnement professionnel. Son design minimaliste assure une prise en main confortable et un look intemporel.<\/p>\n<p data-start=\"674\" data-end=\"935\"><!--more--><\/p>\n<p data-start=\"674\" data-end=\"935\">Pour encore plus de valeur, ce gobelet est <strong data-start=\"980\" data-end=\"1011\">enti\u00e8rement personnalisable<\/strong> : ajoutez votre logo, un pr\u00e9nom, un message ou un visuel unique. C\u2019est la solution parfaite pour les entreprises, \u00e9v\u00e9nements, clubs, associations ou cadeaux personnalis\u00e9s.<\/p>\n<p data-start=\"1185\" data-end=\"1325\">Choisir le Gobelet 330 W, c\u2019est opter pour un accessoire pratique, hygi\u00e9nique, esth\u00e9tique et durable, pens\u00e9 pour vous accompagner partout.<\/p>\n","protected":false},"excerpt":{"rendered":"<p data-start=\"129\" data-end=\"328\">Gobelet en acier inoxydable de 330 ml, durable, l\u00e9ger et r\u00e9utilisable. Disponible en plusieurs couleurs modernes et enti\u00e8rement personnalisable pour un usage quotidien, professionnel ou \u00e9v\u00e9nementiel.<\/p>\n","protected":false},"featured_media":4496,"comment_status":"closed","ping_status":"closed","template":"","meta":{"_acf_changed":false},"product_brand":[],"product_cat":[43],"product_tag":[],"class_list":{"0":"post-3939","1":"product","2":"type-product","3":"status-publish","4":"has-post-thumbnail","6":"product_cat-gobelets","8":"first","9":"instock","10":"taxable","11":"shipping-taxable","12":"purchasable","13":"product-type-variable","14":"has-default-attributes"},"acf":[],"yoast_head":"<!-- This site is optimized with the Yoast SEO plugin v26.0 - https:\/\/yoast.com\/wordpress\/plugins\/seo\/ -->\n<title>Gobelet 330 W - Wellamo<\/title>\n<meta name=\"description\" content=\"Un gobelet en inox personnalisable et color\u00e9. Il a \u00e9t\u00e9 cr\u00e9\u00e9 pour contenir vos boissons pr\u00e9f\u00e9r\u00e9es et vous hydrater avec style.\" \/>\n<meta name=\"robots\" content=\"index, follow, max-snippet:-1, max-image-preview:large, max-video-preview:-1\" \/>\n<link rel=\"canonical\" href=\"https:\/\/wellamo.ch\/product\/gobelet-330-w\/\" \/>\n<meta property=\"og:locale\" content=\"de_DE\" \/>\n<meta property=\"og:type\" content=\"article\" \/>\n<meta property=\"og:title\" content=\"Gobelet 330 W - Wellamo\" \/>\n<meta property=\"og:description\" content=\"Un gobelet en inox personnalisable et color\u00e9. Il a \u00e9t\u00e9 cr\u00e9\u00e9 pour contenir vos boissons pr\u00e9f\u00e9r\u00e9es et vous hydrater avec style.\" \/>\n<meta property=\"og:url\" content=\"https:\/\/wellamo.ch\/product\/gobelet-330-w\/\" \/>\n<meta property=\"og:site_name\" content=\"Wellamo\" \/>\n<meta property=\"article:modified_time\" content=\"2026-03-25T19:48:01+00:00\" \/>\n<meta property=\"og:image\" content=\"https:\/\/wellamo.ch\/wp-content\/uploads\/2025\/11\/330ml-orange.jpg\" \/>\n\t<meta property=\"og:image:width\" content=\"1145\" \/>\n\t<meta property=\"og:image:height\" content=\"1145\" \/>\n\t<meta property=\"og:image:type\" content=\"image\/jpeg\" \/>\n<meta name=\"twitter:card\" content=\"summary_large_image\" \/>\n<meta name=\"twitter:label1\" content=\"Gesch\u00e4tzte Lesezeit\" \/>\n\t<meta name=\"twitter:data1\" content=\"1\u00a0Minute\" \/>\n<script type=\"application\/ld+json\" class=\"yoast-schema-graph\">{\"@context\":\"https:\/\/schema.org\",\"@graph\":[{\"@type\":\"WebPage\",\"@id\":\"https:\/\/wellamo.ch\/product\/gobelet-330-w\/\",\"url\":\"https:\/\/wellamo.ch\/product\/gobelet-330-w\/\",\"name\":\"Gobelet 330 W - Wellamo\",\"isPartOf\":{\"@id\":\"https:\/\/wellamo.ch\/#website\"},\"primaryImageOfPage\":{\"@id\":\"https:\/\/wellamo.ch\/product\/gobelet-330-w\/#primaryimage\"},\"image\":{\"@id\":\"https:\/\/wellamo.ch\/product\/gobelet-330-w\/#primaryimage\"},\"thumbnailUrl\":\"https:\/\/wellamo.ch\/wp-content\/uploads\/2025\/11\/330ml-orange.jpg\",\"datePublished\":\"2025-08-13T14:43:35+00:00\",\"dateModified\":\"2026-03-25T19:48:01+00:00\",\"description\":\"Un gobelet en inox personnalisable et color\u00e9. Il a \u00e9t\u00e9 cr\u00e9\u00e9 pour contenir vos boissons pr\u00e9f\u00e9r\u00e9es et vous hydrater avec style.\",\"breadcrumb\":{\"@id\":\"https:\/\/wellamo.ch\/product\/gobelet-330-w\/#breadcrumb\"},\"inLanguage\":\"de\",\"potentialAction\":[{\"@type\":\"ReadAction\",\"target\":[\"https:\/\/wellamo.ch\/product\/gobelet-330-w\/\"]}]},{\"@type\":\"ImageObject\",\"inLanguage\":\"de\",\"@id\":\"https:\/\/wellamo.ch\/product\/gobelet-330-w\/#primaryimage\",\"url\":\"https:\/\/wellamo.ch\/wp-content\/uploads\/2025\/11\/330ml-orange.jpg\",\"contentUrl\":\"https:\/\/wellamo.ch\/wp-content\/uploads\/2025\/11\/330ml-orange.jpg\",\"width\":1145,\"height\":1145},{\"@type\":\"BreadcrumbList\",\"@id\":\"https:\/\/wellamo.ch\/product\/gobelet-330-w\/#breadcrumb\",\"itemListElement\":[{\"@type\":\"ListItem\",\"position\":1,\"name\":\"Accueil\",\"item\":\"https:\/\/wellamo.ch\/\"},{\"@type\":\"ListItem\",\"position\":2,\"name\":\"Produits\",\"item\":\"https:\/\/wellamo.ch\/shop\/\"},{\"@type\":\"ListItem\",\"position\":3,\"name\":\"Gobelet 330 W\"}]},{\"@type\":\"WebSite\",\"@id\":\"https:\/\/wellamo.ch\/#website\",\"url\":\"https:\/\/wellamo.ch\/\",\"name\":\"Wellamo\",\"description\":\"Fontaines \u00e0 eau filtrantes | Particuliers | Entreprises | Restaurants\",\"publisher\":{\"@id\":\"https:\/\/wellamo.ch\/#organization\"},\"potentialAction\":[{\"@type\":\"SearchAction\",\"target\":{\"@type\":\"EntryPoint\",\"urlTemplate\":\"https:\/\/wellamo.ch\/?s={search_term_string}\"},\"query-input\":{\"@type\":\"PropertyValueSpecification\",\"valueRequired\":true,\"valueName\":\"search_term_string\"}}],\"inLanguage\":\"de\"},{\"@type\":\"Organization\",\"@id\":\"https:\/\/wellamo.ch\/#organization\",\"name\":\"Wellamo\",\"url\":\"https:\/\/wellamo.ch\/\",\"logo\":{\"@type\":\"ImageObject\",\"inLanguage\":\"de\",\"@id\":\"https:\/\/wellamo.ch\/#\/schema\/logo\/image\/\",\"url\":\"https:\/\/wellamo.ch\/wp-content\/uploads\/2024\/11\/Logo_wellamo_1.png\",\"contentUrl\":\"https:\/\/wellamo.ch\/wp-content\/uploads\/2024\/11\/Logo_wellamo_1.png\",\"width\":2363,\"height\":482,\"caption\":\"Wellamo\"},\"image\":{\"@id\":\"https:\/\/wellamo.ch\/#\/schema\/logo\/image\/\"}}]}<\/script>\n<!-- \/ Yoast SEO plugin. -->","yoast_head_json":{"title":"Gobelet 330 W - Wellamo","description":"Un gobelet en inox personnalisable et color\u00e9. Il a \u00e9t\u00e9 cr\u00e9\u00e9 pour contenir vos boissons pr\u00e9f\u00e9r\u00e9es et vous hydrater avec style.","robots":{"index":"index","follow":"follow","max-snippet":"max-snippet:-1","max-image-preview":"max-image-preview:large","max-video-preview":"max-video-preview:-1"},"canonical":"https:\/\/wellamo.ch\/product\/gobelet-330-w\/","og_locale":"de_DE","og_type":"article","og_title":"Gobelet 330 W - Wellamo","og_description":"Un gobelet en inox personnalisable et color\u00e9. Il a \u00e9t\u00e9 cr\u00e9\u00e9 pour contenir vos boissons pr\u00e9f\u00e9r\u00e9es et vous hydrater avec style.","og_url":"https:\/\/wellamo.ch\/product\/gobelet-330-w\/","og_site_name":"Wellamo","article_modified_time":"2026-03-25T19:48:01+00:00","og_image":[{"width":1145,"height":1145,"url":"https:\/\/wellamo.ch\/wp-content\/uploads\/2025\/11\/330ml-orange.jpg","type":"image\/jpeg"}],"twitter_card":"summary_large_image","twitter_misc":{"Gesch\u00e4tzte Lesezeit":"1\u00a0Minute"},"schema":{"@context":"https:\/\/schema.org","@graph":[{"@type":"WebPage","@id":"https:\/\/wellamo.ch\/product\/gobelet-330-w\/","url":"https:\/\/wellamo.ch\/product\/gobelet-330-w\/","name":"Gobelet 330 W - Wellamo","isPartOf":{"@id":"https:\/\/wellamo.ch\/#website"},"primaryImageOfPage":{"@id":"https:\/\/wellamo.ch\/product\/gobelet-330-w\/#primaryimage"},"image":{"@id":"https:\/\/wellamo.ch\/product\/gobelet-330-w\/#primaryimage"},"thumbnailUrl":"https:\/\/wellamo.ch\/wp-content\/uploads\/2025\/11\/330ml-orange.jpg","datePublished":"2025-08-13T14:43:35+00:00","dateModified":"2026-03-25T19:48:01+00:00","description":"Un gobelet en inox personnalisable et color\u00e9. Il a \u00e9t\u00e9 cr\u00e9\u00e9 pour contenir vos boissons pr\u00e9f\u00e9r\u00e9es et vous hydrater avec style.","breadcrumb":{"@id":"https:\/\/wellamo.ch\/product\/gobelet-330-w\/#breadcrumb"},"inLanguage":"de","potentialAction":[{"@type":"ReadAction","target":["https:\/\/wellamo.ch\/product\/gobelet-330-w\/"]}]},{"@type":"ImageObject","inLanguage":"de","@id":"https:\/\/wellamo.ch\/product\/gobelet-330-w\/#primaryimage","url":"https:\/\/wellamo.ch\/wp-content\/uploads\/2025\/11\/330ml-orange.jpg","contentUrl":"https:\/\/wellamo.ch\/wp-content\/uploads\/2025\/11\/330ml-orange.jpg","width":1145,"height":1145},{"@type":"BreadcrumbList","@id":"https:\/\/wellamo.ch\/product\/gobelet-330-w\/#breadcrumb","itemListElement":[{"@type":"ListItem","position":1,"name":"Accueil","item":"https:\/\/wellamo.ch\/"},{"@type":"ListItem","position":2,"name":"Produits","item":"https:\/\/wellamo.ch\/shop\/"},{"@type":"ListItem","position":3,"name":"Gobelet 330 W"}]},{"@type":"WebSite","@id":"https:\/\/wellamo.ch\/#website","url":"https:\/\/wellamo.ch\/","name":"Wellamo","description":"Fontaines \u00e0 eau filtrantes | Particuliers | Entreprises | Restaurants","publisher":{"@id":"https:\/\/wellamo.ch\/#organization"},"potentialAction":[{"@type":"SearchAction","target":{"@type":"EntryPoint","urlTemplate":"https:\/\/wellamo.ch\/?s={search_term_string}"},"query-input":{"@type":"PropertyValueSpecification","valueRequired":true,"valueName":"search_term_string"}}],"inLanguage":"de"},{"@type":"Organization","@id":"https:\/\/wellamo.ch\/#organization","name":"Wellamo","url":"https:\/\/wellamo.ch\/","logo":{"@type":"ImageObject","inLanguage":"de","@id":"https:\/\/wellamo.ch\/#\/schema\/logo\/image\/","url":"https:\/\/wellamo.ch\/wp-content\/uploads\/2024\/11\/Logo_wellamo_1.png","contentUrl":"https:\/\/wellamo.ch\/wp-content\/uploads\/2024\/11\/Logo_wellamo_1.png","width":2363,"height":482,"caption":"Wellamo"},"image":{"@id":"https:\/\/wellamo.ch\/#\/schema\/logo\/image\/"}}]}},"jetpack_sharing_enabled":true,"_links":{"self":[{"href":"https:\/\/wellamo.ch\/de\/wp-json\/wp\/v2\/product\/3939","targetHints":{"allow":["GET"]}}],"collection":[{"href":"https:\/\/wellamo.ch\/de\/wp-json\/wp\/v2\/product"}],"about":[{"href":"https:\/\/wellamo.ch\/de\/wp-json\/wp\/v2\/types\/product"}],"replies":[{"embeddable":true,"href":"https:\/\/wellamo.ch\/de\/wp-json\/wp\/v2\/comments?post=3939"}],"wp:featuredmedia":[{"embeddable":true,"href":"https:\/\/wellamo.ch\/de\/wp-json\/wp\/v2\/media\/4496"}],"wp:attachment":[{"href":"https:\/\/wellamo.ch\/de\/wp-json\/wp\/v2\/media?parent=3939"}],"wp:term":[{"taxonomy":"product_brand","embeddable":true,"href":"https:\/\/wellamo.ch\/de\/wp-json\/wp\/v2\/product_brand?post=3939"},{"taxonomy":"product_cat","embeddable":true,"href":"https:\/\/wellamo.ch\/de\/wp-json\/wp\/v2\/product_cat?post=3939"},{"taxonomy":"product_tag","embeddable":true,"href":"https:\/\/wellamo.ch\/de\/wp-json\/wp\/v2\/product_tag?post=3939"}],"curies":[{"name":"wp","href":"https:\/\/api.w.org\/{rel}","templated":true}]}}